{"id":208753,"date":"2024-02-16T10:25:11","date_gmt":"2024-02-16T10:25:11","guid":{"rendered":"https:\/\/vloramarina.com\/?page_id=208753"},"modified":"2024-02-16T10:25:11","modified_gmt":"2024-02-16T10:25:11","slug":"vlora-marina-thank-you-page-2-al","status":"publish","type":"page","link":"https:\/\/vloramarina.com\/al\/vlora-marina-thank-you-page-2-al\/","title":{"rendered":"Vlora Marina Thank you page 2 al"},"content":{"rendered":"<p>[et_pb_section fb_built=&#8221;1&#8243; _builder_version=&#8221;4.24.0&#8243; _module_preset=&#8221;default&#8221; global_colors_info=&#8221;{}&#8221; theme_builder_area=&#8221;post_content&#8221;][et_pb_row _builder_version=&#8221;4.24.0&#8243; _module_preset=&#8221;default&#8221; global_colors_info=&#8221;{}&#8221; theme_builder_area=&#8221;post_content&#8221;][et_pb_column type=&#8221;4_4&#8243; _builder_version=&#8221;4.24.0&#8243; _module_preset=&#8221;default&#8221; global_colors_info=&#8221;{}&#8221; theme_builder_area=&#8221;post_content&#8221;][\/et_pb_column][\/et_pb_row][\/et_pb_section][et_pb_section fb_built=&#8221;1&#8243; _builder_version=&#8221;4.24.0&#8243; _module_preset=&#8221;default&#8221; background_image=&#8221;https:\/\/vloramarina.com\/wp-content\/uploads\/2024\/02\/VL_MRN_V2_5000px_230301-copy-1-min.jpg&#8221; min_height=&#8221;1000px&#8221; global_colors_info=&#8221;{}&#8221; theme_builder_area=&#8221;post_content&#8221;][et_pb_row _builder_version=&#8221;4.24.0&#8243; _module_preset=&#8221;default&#8221; custom_margin=&#8221;3%||||false|false&#8221; global_colors_info=&#8221;{}&#8221; theme_builder_area=&#8221;post_content&#8221;][et_pb_column type=&#8221;4_4&#8243; _builder_version=&#8221;4.24.0&#8243; _module_preset=&#8221;default&#8221; global_colors_info=&#8221;{}&#8221; theme_builder_area=&#8221;post_content&#8221;][et_pb_image src=&#8221;https:\/\/vloramarina.com\/wp-content\/uploads\/2024\/02\/vlora-marina-logo.png&#8221; title_text=&#8221;vlora marina logo&#8221; align=&#8221;center&#8221; _builder_version=&#8221;4.24.0&#8243; _module_preset=&#8221;default&#8221; global_colors_info=&#8221;{}&#8221; theme_builder_area=&#8221;post_content&#8221;][\/et_pb_image][\/et_pb_column][\/et_pb_row][et_pb_row _builder_version=&#8221;4.24.0&#8243; _module_preset=&#8221;default&#8221; background_color=&#8221;#FFFFFF&#8221; max_width=&#8221;989px&#8221; module_alignment=&#8221;center&#8221; custom_margin=&#8221;5vw|auto|260px|auto|false|false&#8221; border_radii=&#8221;on|15px|15px|15px|15px&#8221; border_width_all=&#8221;35px&#8221; border_color_all=&#8221;#FFFFFF&#8221; global_colors_info=&#8221;{}&#8221; theme_builder_area=&#8221;post_content&#8221;][et_pb_column type=&#8221;4_4&#8243; _builder_version=&#8221;4.24.0&#8243; _module_preset=&#8221;default&#8221; global_colors_info=&#8221;{}&#8221; theme_builder_area=&#8221;post_content&#8221;][et_pb_text _builder_version=&#8221;4.24.0&#8243; _module_preset=&#8221;default&#8221; text_font=&#8221;League Spartan Regular|700|||||||&#8221; text_text_color=&#8221;#042458&#8243; text_font_size=&#8221;35px&#8221; text_line_height=&#8221;1.6em&#8221; global_colors_info=&#8221;{}&#8221; theme_builder_area=&#8221;post_content&#8221;]<\/p>\n<p style=\"text-align: center;\">Ju e keni dor\u00ebzuar formularin me sukses!<\/p>\n<p>[\/et_pb_text][et_pb_image src=&#8221;https:\/\/vloramarina.com\/wp-content\/uploads\/2024\/02\/Vector-5.png&#8221; title_text=&#8221;Vector (5)&#8221; align=&#8221;center&#8221; _builder_version=&#8221;4.24.0&#8243; _module_preset=&#8221;default&#8221; module_alignment=&#8221;center&#8221; min_height=&#8221;62px&#8221; custom_margin=&#8221;70px||70px||false|false&#8221; global_colors_info=&#8221;{}&#8221; theme_builder_area=&#8221;post_content&#8221;][\/et_pb_image][et_pb_text _builder_version=&#8221;4.24.0&#8243; _module_preset=&#8221;default&#8221; text_font=&#8221;League Spartan Regular||||||||&#8221; text_text_color=&#8221;#042458&#8243; text_font_size=&#8221;18px&#8221; max_width=&#8221;88%&#8221; module_alignment=&#8221;center&#8221; global_colors_info=&#8221;{}&#8221; theme_builder_area=&#8221;post_content&#8221;]<\/p>\n<p style=\"text-align: center;\">Faleminderit p\u00ebr interesin tuaj!<br \/>\nB\u00ebhuni gati p\u00ebr t\u00eb nisur nj\u00eb udh\u00ebtim p\u00ebr t\u00eb zbuluar sht\u00ebpin\u00eb tuaj t\u00eb ardhshme. Ekipi yn\u00eb do t\u2019ju kontaktoj\u00eb s\u00eb shpejti p\u00ebr t\u00eb eksploruar mund\u00ebsit\u00eb dhe p\u00ebr t\u00eb planifikuar vizitat.<\/p>\n<p>[\/et_pb_text][\/et_pb_column][\/et_pb_row][\/et_pb_section]<\/p>\n","protected":false},"excerpt":{"rendered":"<p>Ju e keni dor\u00ebzuar formularin me sukses!Faleminderit p\u00ebr interesin tuaj! B\u00ebhuni gati p\u00ebr t\u00eb nisur nj\u00eb udh\u00ebtim p\u00ebr t\u00eb zbuluar sht\u00ebpin\u00eb tuaj t\u00eb ardhshme. Ekipi yn\u00eb do t\u2019ju kontaktoj\u00eb s\u00eb shpejti p\u00ebr t\u00eb eksploruar mund\u00ebsit\u00eb dhe p\u00ebr t\u00eb planifikuar vizitat.<\/p>","protected":false},"author":1,"featured_media":0,"parent":0,"menu_order":0,"comment_status":"closed","ping_status":"closed","template":"","meta":{"_et_pb_use_builder":"on","_et_pb_old_content":"","_et_gb_content_width":"","footnotes":""},"class_list":["post-208753","page","type-page","status-publish","hentry"],"yoast_head":"<!-- This site is optimized with the Yoast SEO plugin v27.3 - https:\/\/yoast.com\/product\/yoast-seo-wordpress\/ -->\n<title>Vlora Marina Thank you page 2 al - Vlora Marina<\/title>\n<meta name=\"description\" content=\"Vlora Marina\" \/>\n<meta name=\"robots\" content=\"index, follow, max-snippet:-1, max-image-preview:large, max-video-preview:-1\" \/>\n<link rel=\"canonical\" href=\"https:\/\/vloramarina.com\/al\/vlora-marina-thank-you-page-2-al\/\" \/>\n<meta property=\"og:locale\" content=\"sq_AL\" \/>\n<meta property=\"og:type\" content=\"article\" \/>\n<meta property=\"og:title\" content=\"Vlora Marina Thank you page 2 al - Vlora Marina\" \/>\n<meta property=\"og:description\" content=\"Vlora Marina\" \/>\n<meta property=\"og:url\" content=\"https:\/\/vloramarina.com\/al\/vlora-marina-thank-you-page-2-al\/\" \/>\n<meta property=\"og:site_name\" content=\"Vlora Marina\" \/>\n<meta property=\"article:publisher\" content=\"https:\/\/www.facebook.com\/vloramarine\" \/>\n<meta name=\"twitter:card\" content=\"summary_large_image\" \/>\n<script type=\"application\/ld+json\" class=\"yoast-schema-graph\">{\"@context\":\"https:\\\/\\\/schema.org\",\"@graph\":[{\"@type\":\"WebPage\",\"@id\":\"https:\\\/\\\/vloramarina.com\\\/vlora-marina-thank-you-page-2-al\\\/\",\"url\":\"https:\\\/\\\/vloramarina.com\\\/vlora-marina-thank-you-page-2-al\\\/\",\"name\":\"Vlora Marina Thank you page 2 al - Vlora Marina\",\"isPartOf\":{\"@id\":\"https:\\\/\\\/vloramarina.com\\\/#website\"},\"datePublished\":\"2024-02-16T10:25:11+00:00\",\"description\":\"Vlora Marina\",\"breadcrumb\":{\"@id\":\"https:\\\/\\\/vloramarina.com\\\/vlora-marina-thank-you-page-2-al\\\/#breadcrumb\"},\"inLanguage\":\"sq\",\"potentialAction\":[{\"@type\":\"ReadAction\",\"target\":[\"https:\\\/\\\/vloramarina.com\\\/vlora-marina-thank-you-page-2-al\\\/\"]}]},{\"@type\":\"BreadcrumbList\",\"@id\":\"https:\\\/\\\/vloramarina.com\\\/vlora-marina-thank-you-page-2-al\\\/#breadcrumb\",\"itemListElement\":[{\"@type\":\"ListItem\",\"position\":1,\"name\":\"Home\",\"item\":\"https:\\\/\\\/vloramarina.com\\\/\"},{\"@type\":\"ListItem\",\"position\":2,\"name\":\"Vlora Marina Thank you page 2 al\"}]},{\"@type\":\"WebSite\",\"@id\":\"https:\\\/\\\/vloramarina.com\\\/#website\",\"url\":\"https:\\\/\\\/vloramarina.com\\\/\",\"name\":\"Vlora Marina\",\"description\":\"Inspired by the sea Guided by the winds\",\"publisher\":{\"@id\":\"https:\\\/\\\/vloramarina.com\\\/#organization\"},\"potentialAction\":[{\"@type\":\"SearchAction\",\"target\":{\"@type\":\"EntryPoint\",\"urlTemplate\":\"https:\\\/\\\/vloramarina.com\\\/?s={search_term_string}\"},\"query-input\":{\"@type\":\"PropertyValueSpecification\",\"valueRequired\":true,\"valueName\":\"search_term_string\"}}],\"inLanguage\":\"sq\"},{\"@type\":\"Organization\",\"@id\":\"https:\\\/\\\/vloramarina.com\\\/#organization\",\"name\":\"Vlora Marina\",\"url\":\"https:\\\/\\\/vloramarina.com\\\/\",\"logo\":{\"@type\":\"ImageObject\",\"inLanguage\":\"sq\",\"@id\":\"https:\\\/\\\/vloramarina.com\\\/#\\\/schema\\\/logo\\\/image\\\/\",\"url\":\"https:\\\/\\\/vloramarina.com\\\/wp-content\\\/uploads\\\/2023\\\/01\\\/VloraMarina.png\",\"contentUrl\":\"https:\\\/\\\/vloramarina.com\\\/wp-content\\\/uploads\\\/2023\\\/01\\\/VloraMarina.png\",\"width\":512,\"height\":125,\"caption\":\"Vlora Marina\"},\"image\":{\"@id\":\"https:\\\/\\\/vloramarina.com\\\/#\\\/schema\\\/logo\\\/image\\\/\"},\"sameAs\":[\"https:\\\/\\\/www.facebook.com\\\/vloramarine\",\"https:\\\/\\\/www.instagram.com\\\/vlora_marina\\\/\"]}]}<\/script>\n<!-- \/ Yoast SEO plugin. -->","yoast_head_json":{"title":"Vlora Marina Thank you page 2 al - Vlora Marina","description":"Vlora Marina","robots":{"index":"index","follow":"follow","max-snippet":"max-snippet:-1","max-image-preview":"max-image-preview:large","max-video-preview":"max-video-preview:-1"},"canonical":"https:\/\/vloramarina.com\/al\/vlora-marina-thank-you-page-2-al\/","og_locale":"sq_AL","og_type":"article","og_title":"Vlora Marina Thank you page 2 al - Vlora Marina","og_description":"Vlora Marina","og_url":"https:\/\/vloramarina.com\/al\/vlora-marina-thank-you-page-2-al\/","og_site_name":"Vlora Marina","article_publisher":"https:\/\/www.facebook.com\/vloramarine","twitter_card":"summary_large_image","schema":{"@context":"https:\/\/schema.org","@graph":[{"@type":"WebPage","@id":"https:\/\/vloramarina.com\/vlora-marina-thank-you-page-2-al\/","url":"https:\/\/vloramarina.com\/vlora-marina-thank-you-page-2-al\/","name":"Vlora Marina Thank you page 2 al - Vlora Marina","isPartOf":{"@id":"https:\/\/vloramarina.com\/#website"},"datePublished":"2024-02-16T10:25:11+00:00","description":"Vlora Marina","breadcrumb":{"@id":"https:\/\/vloramarina.com\/vlora-marina-thank-you-page-2-al\/#breadcrumb"},"inLanguage":"sq","potentialAction":[{"@type":"ReadAction","target":["https:\/\/vloramarina.com\/vlora-marina-thank-you-page-2-al\/"]}]},{"@type":"BreadcrumbList","@id":"https:\/\/vloramarina.com\/vlora-marina-thank-you-page-2-al\/#breadcrumb","itemListElement":[{"@type":"ListItem","position":1,"name":"Home","item":"https:\/\/vloramarina.com\/"},{"@type":"ListItem","position":2,"name":"Vlora Marina Thank you page 2 al"}]},{"@type":"WebSite","@id":"https:\/\/vloramarina.com\/#website","url":"https:\/\/vloramarina.com\/","name":"Vlora Marina","description":"Inspired by the sea Guided by the winds","publisher":{"@id":"https:\/\/vloramarina.com\/#organization"},"potentialAction":[{"@type":"SearchAction","target":{"@type":"EntryPoint","urlTemplate":"https:\/\/vloramarina.com\/?s={search_term_string}"},"query-input":{"@type":"PropertyValueSpecification","valueRequired":true,"valueName":"search_term_string"}}],"inLanguage":"sq"},{"@type":"Organization","@id":"https:\/\/vloramarina.com\/#organization","name":"Vlora Marina","url":"https:\/\/vloramarina.com\/","logo":{"@type":"ImageObject","inLanguage":"sq","@id":"https:\/\/vloramarina.com\/#\/schema\/logo\/image\/","url":"https:\/\/vloramarina.com\/wp-content\/uploads\/2023\/01\/VloraMarina.png","contentUrl":"https:\/\/vloramarina.com\/wp-content\/uploads\/2023\/01\/VloraMarina.png","width":512,"height":125,"caption":"Vlora Marina"},"image":{"@id":"https:\/\/vloramarina.com\/#\/schema\/logo\/image\/"},"sameAs":["https:\/\/www.facebook.com\/vloramarine","https:\/\/www.instagram.com\/vlora_marina\/"]}]}},"_links":{"self":[{"href":"https:\/\/vloramarina.com\/al\/wp-json\/wp\/v2\/pages\/208753","targetHints":{"allow":["GET"]}}],"collection":[{"href":"https:\/\/vloramarina.com\/al\/wp-json\/wp\/v2\/pages"}],"about":[{"href":"https:\/\/vloramarina.com\/al\/wp-json\/wp\/v2\/types\/page"}],"author":[{"embeddable":true,"href":"https:\/\/vloramarina.com\/al\/wp-json\/wp\/v2\/users\/1"}],"replies":[{"embeddable":true,"href":"https:\/\/vloramarina.com\/al\/wp-json\/wp\/v2\/comments?post=208753"}],"version-history":[{"count":2,"href":"https:\/\/vloramarina.com\/al\/wp-json\/wp\/v2\/pages\/208753\/revisions"}],"predecessor-version":[{"id":208755,"href":"https:\/\/vloramarina.com\/al\/wp-json\/wp\/v2\/pages\/208753\/revisions\/208755"}],"wp:attachment":[{"href":"https:\/\/vloramarina.com\/al\/wp-json\/wp\/v2\/media?parent=208753"}],"curies":[{"name":"wp","href":"https:\/\/api.w.org\/{rel}","templated":true}]}}