{"id":27,"date":"2022-03-02T21:34:19","date_gmt":"2022-03-02T21:34:19","guid":{"rendered":"https:\/\/drexhepi.com\/vloramarina\/?page_id=27"},"modified":"2024-11-04T14:07:11","modified_gmt":"2024-11-04T14:07:11","slug":"contact","status":"publish","type":"page","link":"https:\/\/vloramarina.com\/al\/contact\/","title":{"rendered":"Kontakt"},"content":{"rendered":"<p>[et_pb_section fb_built=&#8221;1&#8243; _builder_version=&#8221;4.16&#8243; _module_preset=&#8221;default&#8221; background_enable_image=&#8221;off&#8221; custom_margin=&#8221;120px||||false|false&#8221; custom_margin_tablet=&#8221;0px||||false|false&#8221; custom_margin_phone=&#8221;0px||||false|false&#8221; custom_margin_last_edited=&#8221;on|phone&#8221; global_colors_info=&#8221;{}&#8221;][et_pb_row column_structure=&#8221;2_5,3_5&#8243; use_custom_gutter=&#8221;on&#8221; gutter_width=&#8221;1&#8243; _builder_version=&#8221;4.16&#8243; _module_preset=&#8221;default&#8221; width=&#8221;100%&#8221; max_width=&#8221;90%&#8221; global_colors_info=&#8221;{}&#8221;][et_pb_column type=&#8221;2_5&#8243; _builder_version=&#8221;4.16&#8243; _module_preset=&#8221;default&#8221; global_colors_info=&#8221;{}&#8221;][et_pb_image src=&#8221;https:\/\/vloramarina.com\/wp-content\/uploads\/2022\/03\/GIF-VLORA-MARINA-WEB.gif&#8221; title_text=&#8221;GIF-VLORA-MARINA-WEB&#8221; _builder_version=&#8221;4.16&#8243; _module_preset=&#8221;default&#8221; global_colors_info=&#8221;{}&#8221;][\/et_pb_image][et_pb_text _builder_version=&#8221;4.27.2&#8243; _module_preset=&#8221;default&#8221; text_font=&#8221;Flatine Semibold|||on|||||&#8221; text_text_color=&#8221;#0b2156&#8243; text_font_size=&#8221;72px&#8221; text_orientation=&#8221;center&#8221; custom_margin=&#8221;30px||50px||false|false&#8221; custom_margin_tablet=&#8221;||35px||false|false&#8221; custom_margin_phone=&#8221;0px||20px||false|false&#8221; custom_margin_last_edited=&#8221;on|phone&#8221; hover_enabled=&#8221;0&#8243; text_font_size_tablet=&#8221;48px&#8221; text_font_size_phone=&#8221;32px&#8221; text_font_size_last_edited=&#8221;on|desktop&#8221; locked=&#8221;off&#8221; global_colors_info=&#8221;{}&#8221; sticky_enabled=&#8221;0&#8243; text_line_height=&#8221;80px&#8221; header_font=&#8221;Flatine Semibold|||on|||||&#8221; header_text_align=&#8221;center&#8221; header_text_color=&#8221;#0B2156&#8243; header_font_size_last_edited=&#8221;on|phone&#8221; header_line_height_last_edited=&#8221;on|desktop&#8221; header_font_size=&#8221;72px&#8221; header_font_size_tablet=&#8221;48px&#8221; header_font_size_phone=&#8221;32px&#8221; header_line_height=&#8221;80px&#8221; header_line_height_tablet=&#8221;50px&#8221; header_line_height_phone=&#8221;40px&#8221;]<\/p>\n<h1>REGISTER YOUR INTEREST<\/h1>\n<p>[\/et_pb_text][\/et_pb_column][et_pb_column type=&#8221;3_5&#8243; _builder_version=&#8221;4.16&#8243; _module_preset=&#8221;default&#8221; background_color_gradient_start=&#8221;rgba(0,0,0,0.4)&#8221; background_color_gradient_end=&#8221;rgba(0,0,0,0.03)&#8221; background_enable_image=&#8221;off&#8221; global_colors_info=&#8221;{}&#8221;][et_pb_code _builder_version=&#8221;4.16&#8243; _module_preset=&#8221;default&#8221; background_enable_image=&#8221;off&#8221; custom_padding=&#8221;20px|20px|20px|20px|true|true&#8221; background_last_edited=&#8221;off|tablet&#8221; global_colors_info=&#8221;{}&#8221;]<div class=\"forminator-ui forminator-custom-form forminator-custom-form-206193 forminator-design--default  forminator_ajax\" data-forminator-render=\"0\" data-form=\"forminator-module-206193\" data-uid=\"69e401f049042\"><br\/><\/div><form\n\t\t\t\tid=\"forminator-module-206193\"\n\t\t\t\tclass=\"forminator-ui forminator-custom-form forminator-custom-form-206193 forminator-design--default  forminator_ajax\"\n\t\t\t\tmethod=\"post\"\n\t\t\t\tdata-forminator-render=\"0\"\n\t\t\t\tdata-form-id=\"206193\"\n\t\t\t\t data-color-option=\"default\" data-design=\"default\" data-grid=\"open\" style=\"display: none;\"\n\t\t\t\tdata-uid=\"69e401f049042\"\n\t\t\t><div role=\"alert\" aria-live=\"polite\" class=\"forminator-response-message forminator-error\" aria-hidden=\"true\"><\/div><div class=\"forminator-row\"><div id=\"select-1\" class=\"forminator-field-select forminator-col forminator-col-12 \"><div class=\"forminator-field\"><label for=\"forminator-form-206193__field--select-1_69e401f049042\" id=\"forminator-form-206193__field--select-1_69e401f049042-label\" class=\"forminator-label\">I am interested to:<\/label><select  id=\"forminator-form-206193__field--select-1_69e401f049042\" class=\"forminator-select--field forminator-select2 forminator-select2-multiple\" data-required=\"\" name=\"select-1\" data-default-value=\"\" data-placeholder=\"\" data-search=\"false\" data-search-placeholder=\"\" data-checkbox=\"false\" data-allow-clear=\"false\" aria-labelledby=\"forminator-form-206193__field--select-1_69e401f049042-label\"><option value=\"Buy-an-apartment\"  data-calculation=\"0\">Buy an apartment<\/option><option value=\"Book-a-commercial-space\"  data-calculation=\"0\">Book a commercial space<\/option><option value=\"Book-a-berth-(Coming-Soon)\"  data-calculation=\"0\">Book a berth (Coming Soon)<\/option><\/select><\/div><\/div><\/div><div class=\"forminator-row\"><div id=\"name-1\" class=\"forminator-field-name forminator-col forminator-col-6 \"><div class=\"forminator-field\"><label for=\"forminator-field-name-1_69e401f049042\" id=\"forminator-field-name-1_69e401f049042-label\" class=\"forminator-label\">First Name <span class=\"forminator-required\">*<\/span><\/label><input type=\"text\" name=\"name-1\" value=\"\" placeholder=\"\" id=\"forminator-field-name-1_69e401f049042\" class=\"forminator-input forminator-name--field\" aria-required=\"true\" autocomplete=\"name\" \/><\/div><\/div><div id=\"name-2\" class=\"forminator-field-name forminator-col forminator-col-6 \"><div class=\"forminator-field\"><label for=\"forminator-field-name-2_69e401f049042\" id=\"forminator-field-name-2_69e401f049042-label\" class=\"forminator-label\">Last Name<\/label><input type=\"text\" name=\"name-2\" value=\"\" placeholder=\"\" id=\"forminator-field-name-2_69e401f049042\" class=\"forminator-input forminator-name--field\" aria-required=\"false\" autocomplete=\"name\" \/><\/div><\/div><\/div><div class=\"forminator-row\"><div id=\"phone-1\" class=\"forminator-field-phone forminator-col forminator-col-12 \"><div class=\"forminator-field\"><label for=\"forminator-field-phone-1_69e401f049042\" id=\"forminator-field-phone-1_69e401f049042-label\" class=\"forminator-label\">Telephone <span class=\"forminator-required\">*<\/span><\/label><input type=\"text\" name=\"phone-1\" value=\"\" placeholder=\"\" id=\"forminator-field-phone-1_69e401f049042\" class=\"forminator-input forminator-field--phone\" data-required=\"1\" aria-required=\"true\" autocomplete=\"off\" \/><\/div><\/div><\/div><div class=\"forminator-row\"><div id=\"email-1\" class=\"forminator-field-email forminator-col forminator-col-12 \"><div class=\"forminator-field\"><label for=\"forminator-field-email-1_69e401f049042\" id=\"forminator-field-email-1_69e401f049042-label\" class=\"forminator-label\">Email Address <span class=\"forminator-required\">*<\/span><\/label><input type=\"email\" name=\"email-1\" value=\"\" placeholder=\"\" id=\"forminator-field-email-1_69e401f049042\" class=\"forminator-input forminator-email--field\" data-required=\"1\" aria-required=\"true\" autocomplete=\"email\" \/><\/div><\/div><\/div><div class=\"forminator-row\"><div id=\"text-3\" class=\"forminator-field-text forminator-col forminator-col-12 \"><div class=\"forminator-field\"><label for=\"forminator-field-text-3_69e401f049042\" id=\"forminator-field-text-3_69e401f049042-label\" class=\"forminator-label\">Country<\/label><input type=\"text\" name=\"text-3\" value=\"\" placeholder=\"\" id=\"forminator-field-text-3_69e401f049042\" class=\"forminator-input forminator-name--field\" data-required=\"\" \/><\/div><\/div><\/div><div class=\"forminator-row\"><div id=\"text-2\" class=\"forminator-field-text forminator-col forminator-col-12 \"><div class=\"forminator-field\"><label for=\"forminator-field-text-2_69e401f049042\" id=\"forminator-field-text-2_69e401f049042-label\" class=\"forminator-label\">How did you hear about US ?<\/label><input type=\"text\" name=\"text-2\" value=\"\" placeholder=\"\" id=\"forminator-field-text-2_69e401f049042\" class=\"forminator-input forminator-name--field\" data-required=\"\" \/><\/div><\/div><\/div><div class=\"forminator-row\"><div id=\"checkbox-1\" class=\"forminator-field-checkbox forminator-col forminator-col-12 \"><div role=\"group\" class=\"forminator-field\" aria-labelledby=\"forminator-checkbox-group-forminator-field-checkbox-1-69e401f049042-label\"><label id=\"forminator-field-checkbox-1-1-69e401f049042-label\" for=\"forminator-field-checkbox-1-1-69e401f049042\" class=\"forminator-checkbox\" title=\"Join our newsletter and be first to receive the latest updates and offers\"><input type=\"checkbox\" name=\"checkbox-1[]\" value=\"Join-our-newsletter-and-be-first-to-receive-the-latest-updates-and-offers\" id=\"forminator-field-checkbox-1-1-69e401f049042\" aria-labelledby=\"forminator-field-checkbox-1-1-69e401f049042-label\" data-calculation=\"0\" checked=\"checked\" \/><span class=\"forminator-checkbox-box\" aria-hidden=\"true\"><\/span><span class=\"forminator-checkbox-label\">Join our newsletter and be first to receive the latest updates and offers<\/span><\/label><label id=\"forminator-field-checkbox-1-2-69e401f049042-label\" for=\"forminator-field-checkbox-1-2-69e401f049042\" class=\"forminator-checkbox\" title=\"I confirm that I have read and agree to the &lt;a href=&quot;https:\/\/vloramarina.com\/privacy-policy\/&quot;&gt;Privacy Policy.&lt;\/a&gt;\"><input type=\"checkbox\" name=\"checkbox-1[]\" value=\"I-confirm-that-I-have-read-and-agree-to-the-Privacy-Policy.\" id=\"forminator-field-checkbox-1-2-69e401f049042\" aria-labelledby=\"forminator-field-checkbox-1-2-69e401f049042-label\" data-calculation=\"0\" checked=\"checked\" \/><span class=\"forminator-checkbox-box\" aria-hidden=\"true\"><\/span><span class=\"forminator-checkbox-label\">I confirm that I have read and agree to the <a href=\"https:\/\/vloramarina.com\/privacy-policy\/\">Privacy Policy.<\/a><\/span><\/label><\/div><\/div><\/div><input type=\"hidden\" name=\"referer_url\" value=\"\" \/><div class=\"forminator-row forminator-row-last\"><div class=\"forminator-col\"><div class=\"forminator-field\"><button class=\"forminator-button forminator-button-submit\">Submit your enquiry<\/button><\/div><\/div><\/div><input type=\"hidden\" id=\"forminator_nonce\" name=\"forminator_nonce\" value=\"f91860db51\" \/><input type=\"hidden\" name=\"_wp_http_referer\" value=\"\/al\/wp-json\/wp\/v2\/pages\/27\" \/><input type=\"hidden\" name=\"form_id\" value=\"206193\"><input type=\"hidden\" name=\"page_id\" value=\"27\"><input type=\"hidden\" name=\"form_type\" value=\"default\"><input type=\"hidden\" name=\"current_url\" value=\"https:\/\/vloramarina.com\/al\/contact\/\"><input type=\"hidden\" name=\"render_id\" value=\"0\"><input type=\"hidden\" name=\"action\" value=\"forminator_submit_form_custom-forms\"><\/form>[\/et_pb_code][\/et_pb_column][\/et_pb_row][\/et_pb_section]<\/p>\n","protected":false},"excerpt":{"rendered":"<p>REGISTER YOUR INTEREST<div class=\"forminator-ui forminator-custom-form forminator-custom-form-206193 forminator-design--default  forminator_ajax\" data-forminator-render=\"1\" data-form=\"forminator-module-206193\" data-uid=\"69e401f082e7b\"><br\/><\/div><form\n\t\t\t\tid=\"forminator-module-206193\"\n\t\t\t\tclass=\"forminator-ui forminator-custom-form forminator-custom-form-206193 forminator-design--default  forminator_ajax\"\n\t\t\t\tmethod=\"post\"\n\t\t\t\tdata-forminator-render=\"1\"\n\t\t\t\tdata-form-id=\"206193\"\n\t\t\t\t data-color-option=\"default\" data-design=\"default\" data-grid=\"open\" style=\"display: none;\"\n\t\t\t\tdata-uid=\"69e401f082e7b\" action=\"\"\n\t\t\t><div role=\"alert\" aria-live=\"polite\" class=\"forminator-response-message forminator-error\" aria-hidden=\"true\"><\/div><div class=\"forminator-row\"><div id=\"select-1\" class=\"forminator-field-select forminator-col forminator-col-12\"><div class=\"forminator-field\"><label for=\"forminator-form-206193__field--select-1_69e401f082e7b\" id=\"forminator-form-206193__field--select-1_69e401f082e7b-label\" class=\"forminator-label\">Jeni i interesuar p\u00ebr<\/label><select  id=\"forminator-form-206193__field--select-1_69e401f082e7b\" class=\"forminator-select--field forminator-select2 forminator-select2-multiple\" data-required=\"\" name=\"select-1\" data-default-value=\"\" data-placeholder=\"\" data-search=\"false\" data-search-placeholder=\"\" data-checkbox=\"false\" data-allow-clear=\"false\" aria-labelledby=\"forminator-form-206193__field--select-1_69e401f082e7b-label\"><option value=\"Buy-an-apartment\"  data-calculation=\"0\">Apartamente<\/option><option value=\"Book-a-commercial-space\"  data-calculation=\"0\">Hap\u00ebsir\u00eb \u200b\u200bKomerciale<\/option><option value=\"Book-a-berth-(Coming-Soon)\"  data-calculation=\"0\">Vend ankorimi (S\u00eb shpejti)<\/option><\/select><\/div><\/div><\/div><div class=\"forminator-row\"><div id=\"name-1\" class=\"forminator-field-name forminator-col forminator-col-6\"><div class=\"forminator-field\"><label for=\"forminator-field-name-1_69e401f082e7b\" id=\"forminator-field-name-1_69e401f082e7b-label\" class=\"forminator-label\">Emri <span class=\"forminator-required\">*<\/span><\/label><input type=\"text\" name=\"name-1\" value=\"\" placeholder=\"\" id=\"forminator-field-name-1_69e401f082e7b\" class=\"forminator-input forminator-name--field\" aria-required=\"true\" autocomplete=\"name\" \/><\/div><\/div><div id=\"name-2\" class=\"forminator-field-name forminator-col forminator-col-6\"><div class=\"forminator-field\"><label for=\"forminator-field-name-2_69e401f082e7b\" id=\"forminator-field-name-2_69e401f082e7b-label\" class=\"forminator-label\">Mbiemri<\/label><input type=\"text\" name=\"name-2\" value=\"\" placeholder=\"\" id=\"forminator-field-name-2_69e401f082e7b\" class=\"forminator-input forminator-name--field\" aria-required=\"false\" autocomplete=\"name\" \/><\/div><\/div><\/div><div class=\"forminator-row\"><div id=\"phone-1\" class=\"forminator-field-phone forminator-col forminator-col-12\"><div class=\"forminator-field\"><label for=\"forminator-field-phone-1_69e401f082e7b\" id=\"forminator-field-phone-1_69e401f082e7b-label\" class=\"forminator-label\">Nr Tel: <span class=\"forminator-required\">*<\/span><\/label><input type=\"text\" name=\"phone-1\" value=\"\" placeholder=\"\" id=\"forminator-field-phone-1_69e401f082e7b\" class=\"forminator-input forminator-field--phone\" data-required=\"1\" aria-required=\"true\" autocomplete=\"off\" \/><\/div><\/div><\/div><div class=\"forminator-row\"><div id=\"email-1\" class=\"forminator-field-email forminator-col forminator-col-12\"><div class=\"forminator-field\"><label for=\"forminator-field-email-1_69e401f082e7b\" id=\"forminator-field-email-1_69e401f082e7b-label\" class=\"forminator-label\">Adresa E-mail <span class=\"forminator-required\">*<\/span><\/label><input type=\"email\" name=\"email-1\" value=\"\" placeholder=\"\" id=\"forminator-field-email-1_69e401f082e7b\" class=\"forminator-input forminator-email--field\" data-required=\"1\" aria-required=\"true\" autocomplete=\"email\" \/><\/div><\/div><\/div><div class=\"forminator-row\"><div id=\"text-3\" class=\"forminator-field-text forminator-col forminator-col-12\"><div class=\"forminator-field\"><label for=\"forminator-field-text-3_69e401f082e7b\" id=\"forminator-field-text-3_69e401f082e7b-label\" class=\"forminator-label\">Country<\/label><input type=\"text\" name=\"text-3\" value=\"\" placeholder=\"\" id=\"forminator-field-text-3_69e401f082e7b\" class=\"forminator-input forminator-name--field\" data-required=\"\" \/><\/div><\/div><\/div><div class=\"forminator-row\"><div id=\"text-2\" class=\"forminator-field-text forminator-col forminator-col-12\"><div class=\"forminator-field\"><label for=\"forminator-field-text-2_69e401f082e7b\" id=\"forminator-field-text-2_69e401f082e7b-label\" class=\"forminator-label\">Si keni d\u00ebgjuar p\u00ebr ne ?<\/label><input type=\"text\" name=\"text-2\" value=\"\" placeholder=\"\" id=\"forminator-field-text-2_69e401f082e7b\" class=\"forminator-input forminator-name--field\" data-required=\"\" \/><\/div><\/div><\/div><div class=\"forminator-row\"><div id=\"checkbox-1\" class=\"forminator-field-checkbox forminator-col forminator-col-12\"><div role=\"group\" class=\"forminator-field\" aria-labelledby=\"forminator-checkbox-group-forminator-field-checkbox-1-69e401f082e7b-label\"><label id=\"forminator-field-checkbox-1-1-69e401f082e7b-label\" for=\"forminator-field-checkbox-1-1-69e401f082e7b\" class=\"forminator-checkbox\" title=\"Bashkohuni me buletinin ton\u00eb dhe jini t\u00eb par\u00ebt q\u00eb merrni p\u00ebrdit\u00ebsimet dhe ofertat m\u00eb t\u00eb fundit\"><input type=\"checkbox\" name=\"checkbox-1[]\" value=\"Join-our-newsletter-and-be-first-to-receive-the-latest-updates-and-offers\" id=\"forminator-field-checkbox-1-1-69e401f082e7b\" aria-labelledby=\"forminator-field-checkbox-1-1-69e401f082e7b-label\" data-calculation=\"0\" checked=\"checked\" \/><span class=\"forminator-checkbox-box\" aria-hidden=\"true\"><\/span><span class=\"forminator-checkbox-label\">Bashkohuni me buletinin ton\u00eb dhe jini t\u00eb par\u00ebt q\u00eb merrni p\u00ebrdit\u00ebsimet dhe ofertat m\u00eb t\u00eb fundit<\/span><\/label><label id=\"forminator-field-checkbox-1-2-69e401f082e7b-label\" for=\"forminator-field-checkbox-1-2-69e401f082e7b\" class=\"forminator-checkbox\" title=\"I confirm that I have read and agree to the &lt;a href=&quot;https:\/\/vloramarina.com\/al\/privacy-policy\/&quot;&gt;Privacy Policy.&lt;\/a&gt;\"><input type=\"checkbox\" name=\"checkbox-1[]\" value=\"I-confirm-that-I-have-read-and-agree-to-the-Privacy-Policy.\" id=\"forminator-field-checkbox-1-2-69e401f082e7b\" aria-labelledby=\"forminator-field-checkbox-1-2-69e401f082e7b-label\" data-calculation=\"0\" checked=\"checked\" \/><span class=\"forminator-checkbox-box\" aria-hidden=\"true\"><\/span><span class=\"forminator-checkbox-label\">I confirm that I have read and agree to the <a href=\"https:\/\/vloramarina.com\/al\/privacy-policy\/\">Privacy Policy.<\/a><\/span><\/label><\/div><\/div><\/div><input type=\"hidden\" name=\"referer_url\" value=\"\" \/><div class=\"forminator-row forminator-row-last\"><div class=\"forminator-col\"><div class=\"forminator-field\"><button class=\"forminator-button forminator-button-submit\">D\u00ebrgo<\/button><\/div><\/div><\/div><input type=\"hidden\" id=\"forminator_nonce\" name=\"forminator_nonce\" value=\"f91860db51\" \/><input type=\"hidden\" name=\"_wp_http_referer\" value=\"\/al\/wp-json\/wp\/v2\/pages\/27\" \/><input type=\"hidden\" name=\"form_id\" value=\"206193\"><input type=\"hidden\" name=\"page_id\" value=\"27\"><input type=\"hidden\" name=\"form_type\" value=\"default\"><input type=\"hidden\" name=\"current_url\" value=\"https:\/\/vloramarina.com\/al\/contact\/\"><input type=\"hidden\" name=\"render_id\" value=\"1\"><input type=\"hidden\" name=\"action\" value=\"forminator_submit_form_custom-forms\"><input type=\"hidden\" name=\"trp-form-language\" value=\"al\"\/><\/form><\/p>","protected":false},"author":1,"featured_media":0,"parent":0,"menu_order":0,"comment_status":"closed","ping_status":"closed","template":"","meta":{"_et_pb_use_builder":"on","_et_pb_old_content":"","_et_gb_content_width":"","footnotes":""},"class_list":["post-27","page","type-page","status-publish","hentry"],"yoast_head":"<!-- This site is optimized with the Yoast SEO plugin v27.3 - https:\/\/yoast.com\/product\/yoast-seo-wordpress\/ -->\n<title>Contact \u2013 Get in touch with us | Vlora Marina Albania<\/title>\n<meta name=\"description\" content=\"Reach out to Vlora Marina for inquiries, support, or more information about our seaside development. Find our contact details, including phone number and email.\" \/>\n<meta name=\"robots\" content=\"index, follow, max-snippet:-1, max-image-preview:large, max-video-preview:-1\" \/>\n<link rel=\"canonical\" href=\"https:\/\/vloramarina.com\/al\/contact\/\" \/>\n<meta property=\"og:locale\" content=\"sq_AL\" \/>\n<meta property=\"og:type\" content=\"article\" \/>\n<meta property=\"og:title\" content=\"Contact \u2013 Get in touch with us | Vlora Marina Albania\" \/>\n<meta property=\"og:description\" content=\"Reach out to Vlora Marina for inquiries, support, or more information about our seaside development. Find our contact details, including phone number and email.\" \/>\n<meta property=\"og:url\" content=\"https:\/\/vloramarina.com\/al\/contact\/\" \/>\n<meta property=\"og:site_name\" content=\"Vlora Marina\" \/>\n<meta property=\"article:publisher\" content=\"https:\/\/www.facebook.com\/vloramarine\" \/>\n<meta property=\"article:modified_time\" content=\"2024-11-04T14:07:11+00:00\" \/>\n<meta name=\"twitter:card\" content=\"summary_large_image\" \/>\n<meta name=\"twitter:label1\" content=\"Est. reading time\" \/>\n\t<meta name=\"twitter:data1\" content=\"1 minut\u00eb\" \/>\n<script type=\"application\/ld+json\" class=\"yoast-schema-graph\">{\"@context\":\"https:\\\/\\\/schema.org\",\"@graph\":[{\"@type\":\"WebPage\",\"@id\":\"https:\\\/\\\/vloramarina.com\\\/contact\\\/\",\"url\":\"https:\\\/\\\/vloramarina.com\\\/contact\\\/\",\"name\":\"Contact \u2013 Get in touch with us | Vlora Marina Albania\",\"isPartOf\":{\"@id\":\"https:\\\/\\\/vloramarina.com\\\/#website\"},\"datePublished\":\"2022-03-02T21:34:19+00:00\",\"dateModified\":\"2024-11-04T14:07:11+00:00\",\"description\":\"Reach out to Vlora Marina for inquiries, support, or more information about our seaside development. Find our contact details, including phone number and email.\",\"breadcrumb\":{\"@id\":\"https:\\\/\\\/vloramarina.com\\\/contact\\\/#breadcrumb\"},\"inLanguage\":\"sq\",\"potentialAction\":[{\"@type\":\"ReadAction\",\"target\":[\"https:\\\/\\\/vloramarina.com\\\/contact\\\/\"]}]},{\"@type\":\"BreadcrumbList\",\"@id\":\"https:\\\/\\\/vloramarina.com\\\/contact\\\/#breadcrumb\",\"itemListElement\":[{\"@type\":\"ListItem\",\"position\":1,\"name\":\"Home\",\"item\":\"https:\\\/\\\/vloramarina.com\\\/\"},{\"@type\":\"ListItem\",\"position\":2,\"name\":\"Contact\"}]},{\"@type\":\"WebSite\",\"@id\":\"https:\\\/\\\/vloramarina.com\\\/#website\",\"url\":\"https:\\\/\\\/vloramarina.com\\\/\",\"name\":\"Vlora Marina\",\"description\":\"Inspired by the sea Guided by the winds\",\"publisher\":{\"@id\":\"https:\\\/\\\/vloramarina.com\\\/#organization\"},\"potentialAction\":[{\"@type\":\"SearchAction\",\"target\":{\"@type\":\"EntryPoint\",\"urlTemplate\":\"https:\\\/\\\/vloramarina.com\\\/?s={search_term_string}\"},\"query-input\":{\"@type\":\"PropertyValueSpecification\",\"valueRequired\":true,\"valueName\":\"search_term_string\"}}],\"inLanguage\":\"sq\"},{\"@type\":\"Organization\",\"@id\":\"https:\\\/\\\/vloramarina.com\\\/#organization\",\"name\":\"Vlora Marina\",\"url\":\"https:\\\/\\\/vloramarina.com\\\/\",\"logo\":{\"@type\":\"ImageObject\",\"inLanguage\":\"sq\",\"@id\":\"https:\\\/\\\/vloramarina.com\\\/#\\\/schema\\\/logo\\\/image\\\/\",\"url\":\"https:\\\/\\\/vloramarina.com\\\/wp-content\\\/uploads\\\/2023\\\/01\\\/VloraMarina.png\",\"contentUrl\":\"https:\\\/\\\/vloramarina.com\\\/wp-content\\\/uploads\\\/2023\\\/01\\\/VloraMarina.png\",\"width\":512,\"height\":125,\"caption\":\"Vlora Marina\"},\"image\":{\"@id\":\"https:\\\/\\\/vloramarina.com\\\/#\\\/schema\\\/logo\\\/image\\\/\"},\"sameAs\":[\"https:\\\/\\\/www.facebook.com\\\/vloramarine\",\"https:\\\/\\\/www.instagram.com\\\/vlora_marina\\\/\"]}]}<\/script>\n<!-- \/ Yoast SEO plugin. -->","yoast_head_json":{"title":"Contact \u2013 Get in touch with us | Vlora Marina Albania","description":"Reach out to Vlora Marina for inquiries, support, or more information about our seaside development. Find our contact details, including phone number and email.","robots":{"index":"index","follow":"follow","max-snippet":"max-snippet:-1","max-image-preview":"max-image-preview:large","max-video-preview":"max-video-preview:-1"},"canonical":"https:\/\/vloramarina.com\/al\/contact\/","og_locale":"sq_AL","og_type":"article","og_title":"Contact \u2013 Get in touch with us | Vlora Marina Albania","og_description":"Reach out to Vlora Marina for inquiries, support, or more information about our seaside development. Find our contact details, including phone number and email.","og_url":"https:\/\/vloramarina.com\/al\/contact\/","og_site_name":"Vlora Marina","article_publisher":"https:\/\/www.facebook.com\/vloramarine","article_modified_time":"2024-11-04T14:07:11+00:00","twitter_card":"summary_large_image","twitter_misc":{"Est. reading time":"1 minut\u00eb"},"schema":{"@context":"https:\/\/schema.org","@graph":[{"@type":"WebPage","@id":"https:\/\/vloramarina.com\/contact\/","url":"https:\/\/vloramarina.com\/contact\/","name":"Contact \u2013 Get in touch with us | Vlora Marina Albania","isPartOf":{"@id":"https:\/\/vloramarina.com\/#website"},"datePublished":"2022-03-02T21:34:19+00:00","dateModified":"2024-11-04T14:07:11+00:00","description":"Reach out to Vlora Marina for inquiries, support, or more information about our seaside development. Find our contact details, including phone number and email.","breadcrumb":{"@id":"https:\/\/vloramarina.com\/contact\/#breadcrumb"},"inLanguage":"sq","potentialAction":[{"@type":"ReadAction","target":["https:\/\/vloramarina.com\/contact\/"]}]},{"@type":"BreadcrumbList","@id":"https:\/\/vloramarina.com\/contact\/#breadcrumb","itemListElement":[{"@type":"ListItem","position":1,"name":"Home","item":"https:\/\/vloramarina.com\/"},{"@type":"ListItem","position":2,"name":"Contact"}]},{"@type":"WebSite","@id":"https:\/\/vloramarina.com\/#website","url":"https:\/\/vloramarina.com\/","name":"Vlora Marina","description":"Inspired by the sea Guided by the winds","publisher":{"@id":"https:\/\/vloramarina.com\/#organization"},"potentialAction":[{"@type":"SearchAction","target":{"@type":"EntryPoint","urlTemplate":"https:\/\/vloramarina.com\/?s={search_term_string}"},"query-input":{"@type":"PropertyValueSpecification","valueRequired":true,"valueName":"search_term_string"}}],"inLanguage":"sq"},{"@type":"Organization","@id":"https:\/\/vloramarina.com\/#organization","name":"Vlora Marina","url":"https:\/\/vloramarina.com\/","logo":{"@type":"ImageObject","inLanguage":"sq","@id":"https:\/\/vloramarina.com\/#\/schema\/logo\/image\/","url":"https:\/\/vloramarina.com\/wp-content\/uploads\/2023\/01\/VloraMarina.png","contentUrl":"https:\/\/vloramarina.com\/wp-content\/uploads\/2023\/01\/VloraMarina.png","width":512,"height":125,"caption":"Vlora Marina"},"image":{"@id":"https:\/\/vloramarina.com\/#\/schema\/logo\/image\/"},"sameAs":["https:\/\/www.facebook.com\/vloramarine","https:\/\/www.instagram.com\/vlora_marina\/"]}]}},"_links":{"self":[{"href":"https:\/\/vloramarina.com\/al\/wp-json\/wp\/v2\/pages\/27","targetHints":{"allow":["GET"]}}],"collection":[{"href":"https:\/\/vloramarina.com\/al\/wp-json\/wp\/v2\/pages"}],"about":[{"href":"https:\/\/vloramarina.com\/al\/wp-json\/wp\/v2\/types\/page"}],"author":[{"embeddable":true,"href":"https:\/\/vloramarina.com\/al\/wp-json\/wp\/v2\/users\/1"}],"replies":[{"embeddable":true,"href":"https:\/\/vloramarina.com\/al\/wp-json\/wp\/v2\/comments?post=27"}],"version-history":[{"count":24,"href":"https:\/\/vloramarina.com\/al\/wp-json\/wp\/v2\/pages\/27\/revisions"}],"predecessor-version":[{"id":209512,"href":"https:\/\/vloramarina.com\/al\/wp-json\/wp\/v2\/pages\/27\/revisions\/209512"}],"wp:attachment":[{"href":"https:\/\/vloramarina.com\/al\/wp-json\/wp\/v2\/media?parent=27"}],"curies":[{"name":"wp","href":"https:\/\/api.w.org\/{rel}","templated":true}]}}